{"id":2,"date":"2016-01-10T00:15:16","date_gmt":"2016-01-10T00:15:16","guid":{"rendered":"https:\/\/ing-zamora.cl\/Web\/?page_id=2"},"modified":"2017-02-23T18:13:00","modified_gmt":"2017-02-23T21:13:00","slug":"empresa","status":"publish","type":"page","link":"https:\/\/ing-zamora.cl\/Web\/empresa\/","title":{"rendered":"Ingenier\u00eda Mec\u00e1nica Carlos Zamora."},"content":{"rendered":"<p>Creada en el a\u00f1o 2012, Representada por <em>Carlos Le\u00f3nidas Zamora Allendes<\/em>. Empresa especializada en maquinaria de llenado y sellado de productos l\u00edquidos, ya sean bebidas o cervezas.<br \/>\nOfrece sus servicios de mantenci\u00f3n y reparaciones mec\u00e1nicas, a la vez realiza trabajos de montajes y plataformas de estructuras met\u00e1licas.<\/p>\n<p><em>ALGUNOS DE NUESTROS PRESTIGIOSOS CLIENTES.<img loading=\"lazy\" decoding=\"async\" class=\"alignright  wp-image-263\" src=\"https:\/\/ing-zamora.cl\/Web\/wp-content\/uploads\/2016\/01\/clientes_2017.jpg\" alt=\"\" width=\"137\" height=\"255\" srcset=\"https:\/\/ing-zamora.cl\/Web\/wp-content\/uploads\/2016\/01\/clientes_2017.jpg 184w, https:\/\/ing-zamora.cl\/Web\/wp-content\/uploads\/2016\/01\/clientes_2017-161x300.jpg 161w\" sizes=\"auto, (max-width: 137px) 100vw, 137px\" \/><\/em><\/p>\n<ul>\n<li><strong><span style=\"font-family: Arial Narrow;\">C\u00eda. Cerveceras Unidas S.A.<\/span><\/strong><\/li>\n<li><strong><span style=\"font-family: Arial Narrow;\">Cervecera CCU Chile Ltda.<\/span><\/strong><\/li>\n<li><strong><span style=\"font-family: Arial Narrow;\">Embotelladoras Chilenas Unidas<\/span><\/strong><\/li>\n<li><strong><span style=\"font-family: Arial Narrow;\">Cervecera del Norte<\/span><\/strong><\/li>\n<li><strong><span style=\"font-family: Arial Narrow;\">Coca Cola<\/span><\/strong><\/li>\n<li><strong><span style=\"font-family: Arial Narrow;\">Vi\u00f1a Tarapaca<\/span><\/strong><\/li>\n<li><strong><span style=\"font-family: Arial Narrow;\"><span lang=\"EN-US\">Winpack S.A.<\/span><\/span><\/strong><\/li>\n<li><strong><span style=\"font-family: Arial Narrow;\"><span lang=\"EN-US\">Rexam Chile S.A.<\/span><\/span><\/strong><\/li>\n<li><strong><span style=\"font-family: Arial Narrow;\">Anglo American Norte S.A.<\/span><\/strong><\/li>\n<\/ul>\n<hr \/>\n<h2><strong>Misi\u00f3n<\/strong><\/h2>\n<p>Nuestra misi\u00f3n es satisfacer en su totalidad los requerimientos de nuestros clientes, en servicios de mantenciones y montajes industriales, ya sea en el \u00e1rea mec\u00e1nica, el\u00e9ctrica y estructuras met\u00e1licas, cumpliendo con los est\u00e1ndares de seguridad medioambiental y calidad.<\/p>\n<h2><strong>Visi\u00f3n<\/strong><\/h2>\n<p>Llegar a convertirnos en necesarios e indispensables prestando servicios en las diferentes \u00e1reas que nuestra empresa ofrece y as\u00ed conquistar nuevos clientes que nos permitan diversificar nuestro negocio.<\/p>\n","protected":false},"excerpt":{"rendered":"<p>Creada en el a\u00f1o 2012, Representada por Carlos Le\u00f3nidas Zamora Allendes. Empresa especializada en maquinaria de llenado y sellado de productos l\u00edquidos, ya sean bebidas o cervezas. Ofrece sus servicios de mantenci\u00f3n y reparaciones mec\u00e1nicas, a la vez realiza trabajos de montajes y plataformas de estructuras met\u00e1licas. ALGUNOS DE NUESTROS PRESTIGIOSOS CLIENTES. C\u00eda. Cerveceras Unidas [&hellip;]<\/p>\n","protected":false},"author":1,"featured_media":0,"parent":0,"menu_order":0,"comment_status":"closed","ping_status":"open","template":"","meta":{"footnotes":""},"class_list":["post-2","page","type-page","status-publish","hentry"],"_links":{"self":[{"href":"https:\/\/ing-zamora.cl\/Web\/wp-json\/wp\/v2\/pages\/2","targetHints":{"allow":["GET"]}}],"collection":[{"href":"https:\/\/ing-zamora.cl\/Web\/wp-json\/wp\/v2\/pages"}],"about":[{"href":"https:\/\/ing-zamora.cl\/Web\/wp-json\/wp\/v2\/types\/page"}],"author":[{"embeddable":true,"href":"https:\/\/ing-zamora.cl\/Web\/wp-json\/wp\/v2\/users\/1"}],"replies":[{"embeddable":true,"href":"https:\/\/ing-zamora.cl\/Web\/wp-json\/wp\/v2\/comments?post=2"}],"version-history":[{"count":20,"href":"https:\/\/ing-zamora.cl\/Web\/wp-json\/wp\/v2\/pages\/2\/revisions"}],"predecessor-version":[{"id":264,"href":"https:\/\/ing-zamora.cl\/Web\/wp-json\/wp\/v2\/pages\/2\/revisions\/264"}],"wp:attachment":[{"href":"https:\/\/ing-zamora.cl\/Web\/wp-json\/wp\/v2\/media?parent=2"}],"curies":[{"name":"wp","href":"https:\/\/api.w.org\/{rel}","templated":true}]}}